{"id":14402,"date":"2025-01-15T11:15:26","date_gmt":"2025-01-15T10:15:26","guid":{"rendered":"https:\/\/riccioneteatro.loooldev.com\/?page_id=14402"},"modified":"2025-01-23T14:44:52","modified_gmt":"2025-01-23T13:44:52","slug":"nuova-scena-hispanica","status":"publish","type":"page","link":"https:\/\/riccioneteatro.loooldev.com\/en\/progetti\/nuova-scena-hispanica\/","title":{"rendered":"Nuova Scena Hispanica"},"content":{"rendered":"\t\t<div data-elementor-type=\"wp-page\" data-elementor-id=\"14402\" class=\"elementor elementor-14402\" data-elementor-post-type=\"page\">\n\t\t\t\t<div class=\"elementor-element elementor-element-67dc55f e-flex e-con-boxed e-con e-parent\" data-id=\"67dc55f\" data-element_type=\"container\" data-settings=\"{&quot;jet_parallax_layout_list&quot;:[]}\">\n\t\t\t\t\t<div class=\"e-con-inner\">\n\t\t\t\t<div class=\"elementor-element elementor-element-5f0e65f elementor-widget elementor-widget-template\" data-id=\"5f0e65f\" data-element_type=\"widget\" data-widget_type=\"template.default\">\n\t\t\t\t<div class=\"elementor-widget-container\">\n\t\t\t\t\t\t\t<div class=\"elementor-template\">\n\t\t\t\t\t<div data-elementor-type=\"container\" data-elementor-id=\"1289\" class=\"elementor elementor-1289\" data-elementor-post-type=\"elementor_library\">\n\t\t\t\t<div class=\"elementor-element elementor-element-4a4a0c4e e-flex e-con-boxed e-con e-parent\" data-id=\"4a4a0c4e\" data-element_type=\"container\" data-settings=\"{&quot;jet_parallax_layout_list&quot;:[]}\">\n\t\t\t\t\t<div class=\"e-con-inner\">\n\t\t\t\t<div class=\"elementor-element elementor-element-f01ce2a elementor-widget-divider--view-line elementor-widget elementor-widget-divider\" data-id=\"f01ce2a\" data-element_type=\"widget\" data-widget_type=\"divider.default\">\n\t\t\t\t<div class=\"elementor-widget-container\">\n\t\t\t\t\t\t\t<div class=\"elementor-divider\">\n\t\t\t<span class=\"elementor-divider-separator\">\n\t\t\t\t\t\t<\/span>\n\t\t<\/div>\n\t\t\t\t\t\t<\/div>\n\t\t\t\t<\/div>\n\t\t\t\t<div class=\"elementor-element elementor-element-679d162a jet-breadcrumbs-align-left elementor-widget elementor-widget-jet-breadcrumbs\" data-id=\"679d162a\" data-element_type=\"widget\" data-widget_type=\"jet-breadcrumbs.default\">\n\t\t\t\t<div class=\"elementor-widget-container\">\n\t\t\t\t\t<div class=\"elementor-jet-breadcrumbs jet-blocks\">\n\t\t<div class=\"jet-breadcrumbs\">\n\t\t<div class=\"jet-breadcrumbs__content\">\n\t\t<div class=\"jet-breadcrumbs__wrap\"><div class=\"jet-breadcrumbs__item\"><a href=\"https:\/\/riccioneteatro.loooldev.com\/en\/\" class=\"jet-breadcrumbs__item-link is-home\" rel=\"home\" title=\"Home\">Home<\/a><\/div>\n\t\t<\/div>\n\t\t<\/div>\n\t\t<\/div><\/div>\t\t\t\t<\/div>\n\t\t\t\t<\/div>\n\t\t\t\t\t<\/div>\n\t\t\t\t<\/div>\n\t\t\t\t<\/div>\n\t\t\t\t<\/div>\n\t\t\t\t\t\t<\/div>\n\t\t\t\t<\/div>\n\t\t\t\t\t<\/div>\n\t\t\t\t<\/div>\n\t\t<div class=\"elementor-element elementor-element-30801b3 e-flex e-con-boxed e-con e-parent\" data-id=\"30801b3\" data-element_type=\"container\" data-settings=\"{&quot;jet_parallax_layout_list&quot;:[]}\">\n\t\t\t\t\t<div class=\"e-con-inner\">\n\t\t<div class=\"elementor-element elementor-element-d8b6043 e-con-full e-flex elementor-invisible e-con e-child\" data-id=\"d8b6043\" data-element_type=\"container\" data-settings=\"{&quot;jet_parallax_layout_list&quot;:[],&quot;animation&quot;:&quot;fadeIn&quot;}\">\n\t\t\t\t<div class=\"elementor-element elementor-element-6b61750 elementor-widget elementor-widget-heading\" data-id=\"6b61750\" data-element_type=\"widget\" data-widget_type=\"heading.default\">\n\t\t\t\t<div class=\"elementor-widget-container\">\n\t\t\t\t\t<h2 class=\"elementor-heading-title elementor-size-default\">Nuova Scena Hispanica<\/h2>\t\t\t\t<\/div>\n\t\t\t\t<\/div>\n\t\t\t\t<\/div>\n\t\t<div class=\"elementor-element elementor-element-0aa2dd7 e-con-full e-flex e-con e-child\" data-id=\"0aa2dd7\" data-element_type=\"container\" data-settings=\"{&quot;jet_parallax_layout_list&quot;:[]}\">\n\t\t\t\t<div class=\"elementor-element elementor-element-d1d9cd6 elementor-invisible elementor-widget elementor-widget-text-editor\" data-id=\"d1d9cd6\" data-element_type=\"widget\" data-settings=\"{&quot;_animation&quot;:&quot;fadeIn&quot;}\" data-widget_type=\"text-editor.default\">\n\t\t\t\t<div class=\"elementor-widget-container\">\n\t\t\t\t\t\t\t\t\t<p><strong>Nuova Scena Hispanica<\/strong> \u00e8 un focus sulla drammaturgia contemporanea spagnola curato da Manuela Cherubini e Alice Ferranti, che si \u00e8 tenuto all\u2019interno della rassegna Wordbox del Teatro Stabile di Bolzano. Nuova Scena Hispanica\u00a0\u00e8 una coproduzione di TSB, Pandora Lab s.r.l. e dell\u2019Instituto Cervantes di Milano in collaborazione con Riccione Teatro.<br \/>Da\u00a0gioved\u00ec 19\u00a0a\u00a0domenica 22 ottobre\u00a02023 sono state presentate le letture sceniche dei testi di Paco G\u00e1mez, Almudena Ram\u00edrez-Pantanella, Daniel J.Meyer e Denise Despeyroux, autori spagnoli molto diversi tra loro per et\u00e0, esperienza, stile e produzione teatrale. Ogni sera ha visto alternarsi due coppie di testi, un monologo e un testo corale, tradotti in italiano da Manuela Cherubini, cui \u00e8 seguito l\u2019incontro con un\u2019autrice e\/o un autore. \u201cA livello generazionale sono 3 su 4 gli under 40 rappresentati (Paco G\u00e1mez, Almudena Ram\u00edrez-Pantanella e Daniel J. Meyer), tutti gi\u00e0 pluripremiati in patria e con capacit\u00e0 trasversali di regia, scrittura, prosa e fiction\u201d.<\/p><p>Info:\u00a0<a href=\"https:\/\/teatro-bolzano.it\" target=\"_blank\" rel=\"noopener\">www.teatro-bolzano.it<\/a><\/p><p>Riccione Teatro ha poi ospitato marted\u00ec 21 febbraio 2024 la lettura scenica di <em>Aka<\/em> (Also Known As), di Daniel J. Meyer, a cura di Alice Ferranti e con Michele De Paola. Il testo \u00e8 stato selezionato nell\u2019ambito della rassegna Wordbox-Nuova Scena Hispanica. La rappresentazione, destinata agli studenti e alle studentesse degli istituti scolastici riccionesi, si \u00e8 tenuta nella leggendaria discoteca Cocoric\u00f2 che si \u00e8 trasformata in teatro per una mattina. L\u2019evento \u00e8 stato promosso dall\u2019Osservatorio sulla criminalit\u00e0 organizzata della provincia di Rimini in collaborazione con Riccione Teatro, Pandora Lab e Istituto Cervantes Roma, e dal Cocoric\u00f2. Lo spettacolo \u00e8 stato anticipato da una anteprima la mattina precedente alla sala Granturismo di Riccione. L\u2019opera racconta il viaggio di un adolescente di oggi che conduce lo spettatore davanti ad argomenti e domande pi\u00f9 grandi del protagonista quali l\u2019identit\u00e0, l\u2019amore, il sesso, il razzismo, il senso di appartenenza a una comunit\u00e0 e a un luogo, il rapporto con le proprie radici e, soprattutto, lo sguardo degli altri.<\/p>\t\t\t\t\t\t\t\t<\/div>\n\t\t\t\t<\/div>\n\t\t\t\t<div class=\"elementor-element elementor-element-836482b elementor-invisible elementor-widget elementor-widget-gallery\" data-id=\"836482b\" data-element_type=\"widget\" data-settings=\"{&quot;gallery_layout&quot;:&quot;justified&quot;,&quot;_animation&quot;:&quot;fadeIn&quot;,&quot;lazyload&quot;:&quot;yes&quot;,&quot;ideal_row_height&quot;:{&quot;unit&quot;:&quot;px&quot;,&quot;size&quot;:200,&quot;sizes&quot;:[]},&quot;ideal_row_height_widescreen&quot;:{&quot;unit&quot;:&quot;px&quot;,&quot;size&quot;:&quot;&quot;,&quot;sizes&quot;:[]},&quot;ideal_row_height_laptop&quot;:{&quot;unit&quot;:&quot;px&quot;,&quot;size&quot;:150,&quot;sizes&quot;:[]},&quot;ideal_row_height_tablet_extra&quot;:{&quot;unit&quot;:&quot;px&quot;,&quot;size&quot;:150,&quot;sizes&quot;:[]},&quot;ideal_row_height_tablet&quot;:{&quot;unit&quot;:&quot;px&quot;,&quot;size&quot;:150,&quot;sizes&quot;:[]},&quot;ideal_row_height_mobile&quot;:{&quot;unit&quot;:&quot;px&quot;,&quot;size&quot;:150,&quot;sizes&quot;:[]},&quot;gap&quot;:{&quot;unit&quot;:&quot;px&quot;,&quot;size&quot;:10,&quot;sizes&quot;:[]},&quot;gap_widescreen&quot;:{&quot;unit&quot;:&quot;px&quot;,&quot;size&quot;:&quot;&quot;,&quot;sizes&quot;:[]},&quot;gap_laptop&quot;:{&quot;unit&quot;:&quot;px&quot;,&quot;size&quot;:10,&quot;sizes&quot;:[]},&quot;gap_tablet_extra&quot;:{&quot;unit&quot;:&quot;px&quot;,&quot;size&quot;:10,&quot;sizes&quot;:[]},&quot;gap_tablet&quot;:{&quot;unit&quot;:&quot;px&quot;,&quot;size&quot;:10,&quot;sizes&quot;:[]},&quot;gap_mobile&quot;:{&quot;unit&quot;:&quot;px&quot;,&quot;size&quot;:10,&quot;sizes&quot;:[]},&quot;link_to&quot;:&quot;file&quot;,&quot;overlay_background&quot;:&quot;yes&quot;,&quot;content_hover_animation&quot;:&quot;fade-in&quot;}\" data-widget_type=\"gallery.default\">\n\t\t\t\t<div class=\"elementor-widget-container\">\n\t\t\t\t\t\t\t<div class=\"elementor-gallery__container\">\n\t\t\t\t\t\t\t<a class=\"e-gallery-item elementor-gallery-item elementor-animated-content\" href=\"https:\/\/riccioneteatro.loooldev.com\/wp-content\/uploads\/2025\/01\/DSC06124.jpg\" data-elementor-open-lightbox=\"yes\" data-elementor-lightbox-slideshow=\"836482b\" data-e-action-hash=\"#elementor-action%3Aaction%3Dlightbox%26settings%3DeyJpZCI6MTQ0MDcsInVybCI6Imh0dHBzOlwvXC9yaWNjaW9uZXRlYXRyby5sb29vbGRldi5jb21cL3dwLWNvbnRlbnRcL3VwbG9hZHNcLzIwMjVcLzAxXC9EU0MwNjEyNC5qcGciLCJzbGlkZXNob3ciOiI4MzY0ODJiIn0%3D\">\n\t\t\t\t\t<div class=\"e-gallery-image elementor-gallery-item__image\" data-thumbnail=\"https:\/\/riccioneteatro.loooldev.com\/wp-content\/uploads\/2025\/01\/DSC06124-768x512.jpg\" data-width=\"768\" data-height=\"512\" aria-label=\"\" role=\"img\" ><\/div>\n\t\t\t\t\t\t\t\t\t\t\t<div class=\"elementor-gallery-item__overlay\"><\/div>\n\t\t\t\t\t\t\t\t\t\t\t\t\t\t<\/a>\n\t\t\t\t\t\t\t<a class=\"e-gallery-item elementor-gallery-item elementor-animated-content\" href=\"https:\/\/riccioneteatro.loooldev.com\/wp-content\/uploads\/2025\/01\/DSC06138.jpg\" data-elementor-open-lightbox=\"yes\" data-elementor-lightbox-slideshow=\"836482b\" data-e-action-hash=\"#elementor-action%3Aaction%3Dlightbox%26settings%3DeyJpZCI6MTQ0MTAsInVybCI6Imh0dHBzOlwvXC9yaWNjaW9uZXRlYXRyby5sb29vbGRldi5jb21cL3dwLWNvbnRlbnRcL3VwbG9hZHNcLzIwMjVcLzAxXC9EU0MwNjEzOC5qcGciLCJzbGlkZXNob3ciOiI4MzY0ODJiIn0%3D\">\n\t\t\t\t\t<div class=\"e-gallery-image elementor-gallery-item__image\" data-thumbnail=\"https:\/\/riccioneteatro.loooldev.com\/wp-content\/uploads\/2025\/01\/DSC06138-768x512.jpg\" data-width=\"768\" data-height=\"512\" aria-label=\"\" role=\"img\" ><\/div>\n\t\t\t\t\t\t\t\t\t\t\t<div class=\"elementor-gallery-item__overlay\"><\/div>\n\t\t\t\t\t\t\t\t\t\t\t\t\t\t<\/a>\n\t\t\t\t\t\t\t<a class=\"e-gallery-item elementor-gallery-item elementor-animated-content\" href=\"https:\/\/riccioneteatro.loooldev.com\/wp-content\/uploads\/2025\/01\/DSC06318.jpg\" data-elementor-open-lightbox=\"yes\" data-elementor-lightbox-slideshow=\"836482b\" data-e-action-hash=\"#elementor-action%3Aaction%3Dlightbox%26settings%3DeyJpZCI6MTQ0MTIsInVybCI6Imh0dHBzOlwvXC9yaWNjaW9uZXRlYXRyby5sb29vbGRldi5jb21cL3dwLWNvbnRlbnRcL3VwbG9hZHNcLzIwMjVcLzAxXC9EU0MwNjMxOC5qcGciLCJzbGlkZXNob3ciOiI4MzY0ODJiIn0%3D\">\n\t\t\t\t\t<div class=\"e-gallery-image elementor-gallery-item__image\" data-thumbnail=\"https:\/\/riccioneteatro.loooldev.com\/wp-content\/uploads\/2025\/01\/DSC06318-768x512.jpg\" data-width=\"768\" data-height=\"512\" aria-label=\"\" role=\"img\" ><\/div>\n\t\t\t\t\t\t\t\t\t\t\t<div class=\"elementor-gallery-item__overlay\"><\/div>\n\t\t\t\t\t\t\t\t\t\t\t\t\t\t<\/a>\n\t\t\t\t\t\t\t<a class=\"e-gallery-item elementor-gallery-item elementor-animated-content\" href=\"https:\/\/riccioneteatro.loooldev.com\/wp-content\/uploads\/2025\/01\/DSC06330.jpg\" data-elementor-open-lightbox=\"yes\" data-elementor-lightbox-slideshow=\"836482b\" data-e-action-hash=\"#elementor-action%3Aaction%3Dlightbox%26settings%3DeyJpZCI6MTQ0MTQsInVybCI6Imh0dHBzOlwvXC9yaWNjaW9uZXRlYXRyby5sb29vbGRldi5jb21cL3dwLWNvbnRlbnRcL3VwbG9hZHNcLzIwMjVcLzAxXC9EU0MwNjMzMC5qcGciLCJzbGlkZXNob3ciOiI4MzY0ODJiIn0%3D\">\n\t\t\t\t\t<div class=\"e-gallery-image elementor-gallery-item__image\" data-thumbnail=\"https:\/\/riccioneteatro.loooldev.com\/wp-content\/uploads\/2025\/01\/DSC06330-768x512.jpg\" data-width=\"768\" data-height=\"512\" aria-label=\"\" role=\"img\" ><\/div>\n\t\t\t\t\t\t\t\t\t\t\t<div class=\"elementor-gallery-item__overlay\"><\/div>\n\t\t\t\t\t\t\t\t\t\t\t\t\t\t<\/a>\n\t\t\t\t\t\t\t<a class=\"e-gallery-item elementor-gallery-item elementor-animated-content\" href=\"https:\/\/riccioneteatro.loooldev.com\/wp-content\/uploads\/2025\/01\/DSC06426.jpg\" data-elementor-open-lightbox=\"yes\" data-elementor-lightbox-slideshow=\"836482b\" data-e-action-hash=\"#elementor-action%3Aaction%3Dlightbox%26settings%3DeyJpZCI6MTQ0MTYsInVybCI6Imh0dHBzOlwvXC9yaWNjaW9uZXRlYXRyby5sb29vbGRldi5jb21cL3dwLWNvbnRlbnRcL3VwbG9hZHNcLzIwMjVcLzAxXC9EU0MwNjQyNi5qcGciLCJzbGlkZXNob3ciOiI4MzY0ODJiIn0%3D\">\n\t\t\t\t\t<div class=\"e-gallery-image elementor-gallery-item__image\" data-thumbnail=\"https:\/\/riccioneteatro.loooldev.com\/wp-content\/uploads\/2025\/01\/DSC06426-768x512.jpg\" data-width=\"768\" data-height=\"512\" aria-label=\"\" role=\"img\" ><\/div>\n\t\t\t\t\t\t\t\t\t\t\t<div class=\"elementor-gallery-item__overlay\"><\/div>\n\t\t\t\t\t\t\t\t\t\t\t\t\t\t<\/a>\n\t\t\t\t\t\t\t<a class=\"e-gallery-item elementor-gallery-item elementor-animated-content\" href=\"https:\/\/riccioneteatro.loooldev.com\/wp-content\/uploads\/2025\/01\/DSC06463.jpg\" data-elementor-open-lightbox=\"yes\" data-elementor-lightbox-slideshow=\"836482b\" data-e-action-hash=\"#elementor-action%3Aaction%3Dlightbox%26settings%3DeyJpZCI6MTQ0MTgsInVybCI6Imh0dHBzOlwvXC9yaWNjaW9uZXRlYXRyby5sb29vbGRldi5jb21cL3dwLWNvbnRlbnRcL3VwbG9hZHNcLzIwMjVcLzAxXC9EU0MwNjQ2My5qcGciLCJzbGlkZXNob3ciOiI4MzY0ODJiIn0%3D\">\n\t\t\t\t\t<div class=\"e-gallery-image elementor-gallery-item__image\" data-thumbnail=\"https:\/\/riccioneteatro.loooldev.com\/wp-content\/uploads\/2025\/01\/DSC06463-768x512.jpg\" data-width=\"768\" data-height=\"512\" aria-label=\"\" role=\"img\" ><\/div>\n\t\t\t\t\t\t\t\t\t\t\t<div class=\"elementor-gallery-item__overlay\"><\/div>\n\t\t\t\t\t\t\t\t\t\t\t\t\t\t<\/a>\n\t\t\t\t\t\t\t<a class=\"e-gallery-item elementor-gallery-item elementor-animated-content\" href=\"https:\/\/riccioneteatro.loooldev.com\/wp-content\/uploads\/2025\/01\/DSC06625.jpg\" data-elementor-open-lightbox=\"yes\" data-elementor-lightbox-slideshow=\"836482b\" data-e-action-hash=\"#elementor-action%3Aaction%3Dlightbox%26settings%3DeyJpZCI6MTQ0MjAsInVybCI6Imh0dHBzOlwvXC9yaWNjaW9uZXRlYXRyby5sb29vbGRldi5jb21cL3dwLWNvbnRlbnRcL3VwbG9hZHNcLzIwMjVcLzAxXC9EU0MwNjYyNS5qcGciLCJzbGlkZXNob3ciOiI4MzY0ODJiIn0%3D\">\n\t\t\t\t\t<div class=\"e-gallery-image elementor-gallery-item__image\" data-thumbnail=\"https:\/\/riccioneteatro.loooldev.com\/wp-content\/uploads\/2025\/01\/DSC06625-768x512.jpg\" data-width=\"768\" data-height=\"512\" aria-label=\"\" role=\"img\" ><\/div>\n\t\t\t\t\t\t\t\t\t\t\t<div class=\"elementor-gallery-item__overlay\"><\/div>\n\t\t\t\t\t\t\t\t\t\t\t\t\t\t<\/a>\n\t\t\t\t\t\t\t<a class=\"e-gallery-item elementor-gallery-item elementor-animated-content\" href=\"https:\/\/riccioneteatro.loooldev.com\/wp-content\/uploads\/2025\/01\/DSCF7215.jpg\" data-elementor-open-lightbox=\"yes\" data-elementor-lightbox-slideshow=\"836482b\" data-e-action-hash=\"#elementor-action%3Aaction%3Dlightbox%26settings%3DeyJpZCI6MTQ0MjIsInVybCI6Imh0dHBzOlwvXC9yaWNjaW9uZXRlYXRyby5sb29vbGRldi5jb21cL3dwLWNvbnRlbnRcL3VwbG9hZHNcLzIwMjVcLzAxXC9EU0NGNzIxNS5qcGciLCJzbGlkZXNob3ciOiI4MzY0ODJiIn0%3D\">\n\t\t\t\t\t<div class=\"e-gallery-image elementor-gallery-item__image\" data-thumbnail=\"https:\/\/riccioneteatro.loooldev.com\/wp-content\/uploads\/2025\/01\/DSCF7215-768x512.jpg\" data-width=\"768\" data-height=\"512\" aria-label=\"\" role=\"img\" ><\/div>\n\t\t\t\t\t\t\t\t\t\t\t<div class=\"elementor-gallery-item__overlay\"><\/div>\n\t\t\t\t\t\t\t\t\t\t\t\t\t\t<\/a>\n\t\t\t\t\t\t\t<a class=\"e-gallery-item elementor-gallery-item elementor-animated-content\" href=\"https:\/\/riccioneteatro.loooldev.com\/wp-content\/uploads\/2025\/01\/DSCF7423.jpg\" data-elementor-open-lightbox=\"yes\" data-elementor-lightbox-slideshow=\"836482b\" data-e-action-hash=\"#elementor-action%3Aaction%3Dlightbox%26settings%3DeyJpZCI6MTQ0MjQsInVybCI6Imh0dHBzOlwvXC9yaWNjaW9uZXRlYXRyby5sb29vbGRldi5jb21cL3dwLWNvbnRlbnRcL3VwbG9hZHNcLzIwMjVcLzAxXC9EU0NGNzQyMy5qcGciLCJzbGlkZXNob3ciOiI4MzY0ODJiIn0%3D\">\n\t\t\t\t\t<div class=\"e-gallery-image elementor-gallery-item__image\" data-thumbnail=\"https:\/\/riccioneteatro.loooldev.com\/wp-content\/uploads\/2025\/01\/DSCF7423-768x512.jpg\" data-width=\"768\" data-height=\"512\" aria-label=\"\" role=\"img\" ><\/div>\n\t\t\t\t\t\t\t\t\t\t\t<div class=\"elementor-gallery-item__overlay\"><\/div>\n\t\t\t\t\t\t\t\t\t\t\t\t\t\t<\/a>\n\t\t\t\t\t<\/div>\n\t\t\t\t\t<\/div>\n\t\t\t\t<\/div>\n\t\t\t\t<\/div>\n\t\t\t\t\t<\/div>\n\t\t\t\t<\/div>\n\t\t<div class=\"elementor-element elementor-element-e8323bc e-flex e-con-boxed e-con e-parent\" data-id=\"e8323bc\" data-element_type=\"container\" data-settings=\"{&quot;jet_parallax_layout_list&quot;:[]}\">\n\t\t\t\t\t<div class=\"e-con-inner\">\n\t\t\t\t<div class=\"elementor-element elementor-element-80e8e3c elementor-widget elementor-widget-spacer\" data-id=\"80e8e3c\" data-element_type=\"widget\" data-widget_type=\"spacer.default\">\n\t\t\t\t<div class=\"elementor-widget-container\">\n\t\t\t\t\t\t\t<div class=\"elementor-spacer\">\n\t\t\t<div class=\"elementor-spacer-inner\"><\/div>\n\t\t<\/div>\n\t\t\t\t\t\t<\/div>\n\t\t\t\t<\/div>\n\t\t\t\t\t<\/div>\n\t\t\t\t<\/div>\n\t\t\t\t<\/div>\n\t\t","protected":false},"excerpt":{"rendered":"<p>Nuova Scena Hispanica Nuova Scena Hispanica \u00e8 un focus sulla drammaturgia contemporanea spagnola curato da Manuela Cherubini e Alice Ferranti, che si \u00e8 tenuto all\u2019interno della rassegna Wordbox del Teatro Stabile di Bolzano. Nuova Scena Hispanica\u00a0\u00e8 una coproduzione di TSB, Pandora Lab s.r.l. e dell\u2019Instituto Cervantes di Milano in collaborazione con Riccione Teatro.Da\u00a0gioved\u00ec 19\u00a0a\u00a0domenica 22 [&hellip;]<\/p>\n","protected":false},"author":1,"featured_media":14089,"parent":9472,"menu_order":0,"comment_status":"closed","ping_status":"closed","template":"","meta":{"footnotes":""},"taxonomia-contenuto":[],"class_list":["post-14402","page","type-page","status-publish","has-post-thumbnail","hentry"],"_links":{"self":[{"href":"https:\/\/riccioneteatro.loooldev.com\/en\/wp-json\/wp\/v2\/pages\/14402","targetHints":{"allow":["GET"]}}],"collection":[{"href":"https:\/\/riccioneteatro.loooldev.com\/en\/wp-json\/wp\/v2\/pages"}],"about":[{"href":"https:\/\/riccioneteatro.loooldev.com\/en\/wp-json\/wp\/v2\/types\/page"}],"author":[{"embeddable":true,"href":"https:\/\/riccioneteatro.loooldev.com\/en\/wp-json\/wp\/v2\/users\/1"}],"replies":[{"embeddable":true,"href":"https:\/\/riccioneteatro.loooldev.com\/en\/wp-json\/wp\/v2\/comments?post=14402"}],"version-history":[{"count":10,"href":"https:\/\/riccioneteatro.loooldev.com\/en\/wp-json\/wp\/v2\/pages\/14402\/revisions"}],"predecessor-version":[{"id":18012,"href":"https:\/\/riccioneteatro.loooldev.com\/en\/wp-json\/wp\/v2\/pages\/14402\/revisions\/18012"}],"up":[{"embeddable":true,"href":"https:\/\/riccioneteatro.loooldev.com\/en\/wp-json\/wp\/v2\/pages\/9472"}],"wp:featuredmedia":[{"embeddable":true,"href":"https:\/\/riccioneteatro.loooldev.com\/en\/wp-json\/wp\/v2\/media\/14089"}],"wp:attachment":[{"href":"https:\/\/riccioneteatro.loooldev.com\/en\/wp-json\/wp\/v2\/media?parent=14402"}],"wp:term":[{"taxonomy":"taxonomia-contenuto","embeddable":true,"href":"https:\/\/riccioneteatro.loooldev.com\/en\/wp-json\/wp\/v2\/taxonomia-contenuto?post=14402"}],"curies":[{"name":"wp","href":"https:\/\/api.w.org\/{rel}","templated":true}]}}