{"id":14386,"date":"2025-01-15T11:00:09","date_gmt":"2025-01-15T10:00:09","guid":{"rendered":"https:\/\/riccioneteatro.loooldev.com\/?page_id=14386"},"modified":"2025-02-13T16:58:24","modified_gmt":"2025-02-13T15:58:24","slug":"madrid-nueva-escena-italiana","status":"publish","type":"page","link":"https:\/\/riccioneteatro.loooldev.com\/en\/progetti\/madrid-nueva-escena-italiana\/","title":{"rendered":"Madrid: Nueva Escena Italiana"},"content":{"rendered":"\t\t<div data-elementor-type=\"wp-page\" data-elementor-id=\"14386\" class=\"elementor elementor-14386\" data-elementor-post-type=\"page\">\n\t\t\t\t<div class=\"elementor-element elementor-element-ff7857f e-flex e-con-boxed e-con e-parent\" data-id=\"ff7857f\" data-element_type=\"container\" data-settings=\"{&quot;jet_parallax_layout_list&quot;:[]}\">\n\t\t\t\t\t<div class=\"e-con-inner\">\n\t\t\t\t<div class=\"elementor-element elementor-element-309a2a2 elementor-widget elementor-widget-template\" data-id=\"309a2a2\" data-element_type=\"widget\" data-widget_type=\"template.default\">\n\t\t\t\t<div class=\"elementor-widget-container\">\n\t\t\t\t\t\t\t<div class=\"elementor-template\">\n\t\t\t\t\t<div data-elementor-type=\"container\" data-elementor-id=\"1289\" class=\"elementor elementor-1289\" data-elementor-post-type=\"elementor_library\">\n\t\t\t\t<div class=\"elementor-element elementor-element-4a4a0c4e e-flex e-con-boxed e-con e-parent\" data-id=\"4a4a0c4e\" data-element_type=\"container\" data-settings=\"{&quot;jet_parallax_layout_list&quot;:[]}\">\n\t\t\t\t\t<div class=\"e-con-inner\">\n\t\t\t\t<div class=\"elementor-element elementor-element-f01ce2a elementor-widget-divider--view-line elementor-widget elementor-widget-divider\" data-id=\"f01ce2a\" data-element_type=\"widget\" data-widget_type=\"divider.default\">\n\t\t\t\t<div class=\"elementor-widget-container\">\n\t\t\t\t\t\t\t<div class=\"elementor-divider\">\n\t\t\t<span class=\"elementor-divider-separator\">\n\t\t\t\t\t\t<\/span>\n\t\t<\/div>\n\t\t\t\t\t\t<\/div>\n\t\t\t\t<\/div>\n\t\t\t\t<div class=\"elementor-element elementor-element-679d162a jet-breadcrumbs-align-left elementor-widget elementor-widget-jet-breadcrumbs\" data-id=\"679d162a\" data-element_type=\"widget\" data-widget_type=\"jet-breadcrumbs.default\">\n\t\t\t\t<div class=\"elementor-widget-container\">\n\t\t\t\t\t<div class=\"elementor-jet-breadcrumbs jet-blocks\">\n\t\t<div class=\"jet-breadcrumbs\">\n\t\t<div class=\"jet-breadcrumbs__content\">\n\t\t<div class=\"jet-breadcrumbs__wrap\"><div class=\"jet-breadcrumbs__item\"><a href=\"https:\/\/riccioneteatro.loooldev.com\/en\/\" class=\"jet-breadcrumbs__item-link is-home\" rel=\"home\" title=\"Home\">Home<\/a><\/div>\n\t\t<\/div>\n\t\t<\/div>\n\t\t<\/div><\/div>\t\t\t\t<\/div>\n\t\t\t\t<\/div>\n\t\t\t\t\t<\/div>\n\t\t\t\t<\/div>\n\t\t\t\t<\/div>\n\t\t\t\t<\/div>\n\t\t\t\t\t\t<\/div>\n\t\t\t\t<\/div>\n\t\t\t\t\t<\/div>\n\t\t\t\t<\/div>\n\t\t<div class=\"elementor-element elementor-element-3d65f6f e-flex e-con-boxed e-con e-parent\" data-id=\"3d65f6f\" data-element_type=\"container\" data-settings=\"{&quot;jet_parallax_layout_list&quot;:[]}\">\n\t\t\t\t\t<div class=\"e-con-inner\">\n\t\t<div class=\"elementor-element elementor-element-1d5c22a e-con-full e-flex e-con e-child\" data-id=\"1d5c22a\" data-element_type=\"container\" data-settings=\"{&quot;jet_parallax_layout_list&quot;:[]}\">\n\t\t<div class=\"elementor-element elementor-element-1fcf1e7 e-con-full e-flex e-con e-child\" data-id=\"1fcf1e7\" data-element_type=\"container\" data-settings=\"{&quot;jet_parallax_layout_list&quot;:[]}\">\n\t\t\t\t<div class=\"elementor-element elementor-element-c0e95b8 elementor-invisible elementor-widget elementor-widget-heading\" data-id=\"c0e95b8\" data-element_type=\"widget\" data-settings=\"{&quot;_animation&quot;:&quot;fadeIn&quot;}\" data-widget_type=\"heading.default\">\n\t\t\t\t<div class=\"elementor-widget-container\">\n\t\t\t\t\t<h2 class=\"elementor-heading-title elementor-size-default\">Nueva Escena Italiana \/ Lecturas Italianas\n<\/h2>\t\t\t\t<\/div>\n\t\t\t\t<\/div>\n\t\t\t\t<\/div>\n\t\t<div class=\"elementor-element elementor-element-59b7eb0 e-con-full e-flex e-con e-child\" data-id=\"59b7eb0\" data-element_type=\"container\" data-settings=\"{&quot;jet_parallax_layout_list&quot;:[]}\">\n\t\t<div class=\"elementor-element elementor-element-881e6a2 e-con-full e-flex e-con e-child\" data-id=\"881e6a2\" data-element_type=\"container\" data-settings=\"{&quot;jet_parallax_layout_list&quot;:[]}\">\n\t\t\t\t<div class=\"elementor-element elementor-element-16ba058 elementor-view-default elementor-widget elementor-widget-icon\" data-id=\"16ba058\" data-element_type=\"widget\" data-widget_type=\"icon.default\">\n\t\t\t\t<div class=\"elementor-widget-container\">\n\t\t\t\t\t\t\t<div class=\"elementor-icon-wrapper\">\n\t\t\t<div class=\"elementor-icon\">\n\t\t\t<svg xmlns=\"http:\/\/www.w3.org\/2000\/svg\" width=\"24\" height=\"24\" viewBox=\"0 0 24 24\"><g clip-path=\"url(#clip0_656_1222)\"><path d=\"M23 20H2L12.5 3L23 20ZM4.98677 18.3806H20.0167L12.5 6.2128L4.98677 18.3806Z\"><\/path><\/g><defs><clipPath id=\"clip0_656_1222\"><rect width=\"21\" height=\"17\" transform=\"translate(2 3)\"><\/rect><\/clipPath><\/defs><\/svg>\t\t\t<\/div>\n\t\t<\/div>\n\t\t\t\t\t\t<\/div>\n\t\t\t\t<\/div>\n\t\t\t\t<div class=\"elementor-element elementor-element-fa52a4c elementor-invisible elementor-widget elementor-widget-image\" data-id=\"fa52a4c\" data-element_type=\"widget\" data-settings=\"{&quot;_animation&quot;:&quot;fadeIn&quot;}\" data-widget_type=\"image.default\">\n\t\t\t\t<div class=\"elementor-widget-container\">\n\t\t\t\t\t\t\t\t\t\t\t\t\t\t\t<img fetchpriority=\"high\" decoding=\"async\" width=\"800\" height=\"534\" src=\"https:\/\/riccioneteatro.loooldev.com\/wp-content\/uploads\/2025\/02\/NUEVAESCENAITALIANA_WEB_OBRA-ridimensionata-1024x683.jpg\" class=\"attachment-large size-large wp-image-18472\" alt=\"\" srcset=\"https:\/\/riccioneteatro.loooldev.com\/wp-content\/uploads\/2025\/02\/NUEVAESCENAITALIANA_WEB_OBRA-ridimensionata-1024x683.jpg 1024w, https:\/\/riccioneteatro.loooldev.com\/wp-content\/uploads\/2025\/02\/NUEVAESCENAITALIANA_WEB_OBRA-ridimensionata-300x200.jpg 300w, https:\/\/riccioneteatro.loooldev.com\/wp-content\/uploads\/2025\/02\/NUEVAESCENAITALIANA_WEB_OBRA-ridimensionata-768x512.jpg 768w, https:\/\/riccioneteatro.loooldev.com\/wp-content\/uploads\/2025\/02\/NUEVAESCENAITALIANA_WEB_OBRA-ridimensionata-1536x1024.jpg 1536w, https:\/\/riccioneteatro.loooldev.com\/wp-content\/uploads\/2025\/02\/NUEVAESCENAITALIANA_WEB_OBRA-ridimensionata.jpg 1920w\" sizes=\"(max-width: 800px) 100vw, 800px\" \/>\t\t\t\t\t\t\t\t\t\t\t\t\t\t\t<\/div>\n\t\t\t\t<\/div>\n\t\t\t\t<\/div>\n\t\t\t\t<\/div>\n\t\t\t\t<\/div>\n\t\t<div class=\"elementor-element elementor-element-b292a8b e-con-full e-flex e-con e-child\" data-id=\"b292a8b\" data-element_type=\"container\" data-settings=\"{&quot;jet_parallax_layout_list&quot;:[]}\">\n\t\t\t\t<div class=\"elementor-element elementor-element-2b69c8c elementor-invisible elementor-widget elementor-widget-text-editor\" data-id=\"2b69c8c\" data-element_type=\"widget\" data-settings=\"{&quot;_animation&quot;:&quot;fadeIn&quot;}\" data-widget_type=\"text-editor.default\">\n\t\t\t\t<div class=\"elementor-widget-container\">\n\t\t\t\t\t\t\t\t\t<p>Dal 2019 l\u2019Istituto italiano di cultura di Madrid e Riccione Teatro lavorano in tandem per creare un ponte stabile tra Italia e Spagna. In questo progetto che agevola l\u2019esportazione e l\u2019importazione di lavori drammaturgici, partner fondamentale e\u0300 il Centro Drama\u0301tico Nacional, unita\u0300 di produzione teatrale dell\u2019Instituto Nacional de las Artes Esce\u0301nicas y de la Mu\u0301sica, ente autonomo del Ministero della cultura spagnolo; creato per confrontarsi con il teatro d\u2019eccellenza di ogni parte del mondo, il Centro Drama\u0301tico Nacional nell\u2019arco di quattro decenni ha portato in scena oltre trecento spettacoli, in Spagna e all\u2019estero, e puo\u0300 contare su due diversi spazi a Madrid: il Teatro Valle-Incla\u0301n e il Teatro Mar\u0131\u0301a Guerrero.<br \/>Dalla collaborazione tra Riccione Teatro, Istituto italiano di cultura di Madrid e Centro Drama\u0301tico Nacional, nel 2019 e\u0300 nata la rassegna <em><strong>Nueva Escena Italiana<\/strong><\/em>, che ha portato alla mise en espace di tre testi italiani, in traduzione spagnola, al Teatro Valle-Incla\u0301n.<\/p>\t\t\t\t\t\t\t\t<\/div>\n\t\t\t\t<\/div>\n\t\t\t\t<\/div>\n\t\t\t\t\t<\/div>\n\t\t\t\t<\/div>\n\t\t<div class=\"elementor-element elementor-element-e357403 e-flex e-con-boxed e-con e-parent\" data-id=\"e357403\" data-element_type=\"container\" data-settings=\"{&quot;jet_parallax_layout_list&quot;:[]}\">\n\t\t\t\t\t<div class=\"e-con-inner\">\n\t\t<div class=\"elementor-element elementor-element-910f6f9 e-con-full e-flex e-con e-child\" data-id=\"910f6f9\" data-element_type=\"container\" data-settings=\"{&quot;jet_parallax_layout_list&quot;:[]}\">\n\t\t<div class=\"elementor-element elementor-element-aa8665e e-con-full e-flex elementor-invisible e-con e-child\" data-id=\"aa8665e\" data-element_type=\"container\" data-settings=\"{&quot;jet_parallax_layout_list&quot;:[],&quot;animation&quot;:&quot;fadeIn&quot;}\">\n\t\t\t\t<div class=\"elementor-element elementor-element-a8ef832 elementor-widget elementor-widget-heading\" data-id=\"a8ef832\" data-element_type=\"widget\" data-widget_type=\"heading.default\">\n\t\t\t\t<div class=\"elementor-widget-container\">\n\t\t\t\t\t<h2 class=\"elementor-heading-title elementor-size-default\">Nueva Escena Italiana, prima edizione 2019\n<\/h2>\t\t\t\t<\/div>\n\t\t\t\t<\/div>\n\t\t\t\t<\/div>\n\t\t\t\t<div class=\"elementor-element elementor-element-8cac9e2 elementor-invisible elementor-widget elementor-widget-text-editor\" data-id=\"8cac9e2\" data-element_type=\"widget\" data-settings=\"{&quot;_animation&quot;:&quot;fadeIn&quot;}\" data-widget_type=\"text-editor.default\">\n\t\t\t\t<div class=\"elementor-widget-container\">\n\t\t\t\t\t\t\t\t\t<p>Dal 12 al 14 marzo 2019, il Premio Riccione per il Teatro e\u0300 stato protagonista al prestigioso Teatro Valle-Incla\u0301n di Madrid grazie alla rassegna <strong><em>Nueva Escena Italiana<\/em><\/strong>, organizzata in collaborazione con l\u2019Istituto italiano di cultura di Madrid. Per tre sere di fila, sono stati presentati, in traduzione spagnola, tre testi premiati al Premio Riccione. Si e\u0300 cominciato marted\u00ec 12 marzo con la mise en espace di <em>Nel bosco<\/em> (<em>En el bosque<\/em>), testo di <strong>Carlotta Corradi<\/strong> che, dopo aver raggiunto la finale nella 54\u00b0 edizione del concorso, si e\u0300 aggiudicato l\u2019ambito premio di produzione.<br \/>Mercoled\u00ec 13 e\u0300 stata la volta di <em>L\u2019orizzonte degli eventi<\/em> (<em>El horizonte de sucesos<\/em>), testo di <strong>Elisa Casseri<\/strong> che ha vinto il 53\u00b0 Premio Riccione, nel 2015.<br \/>Gioved\u00ec 14 la minirassegna si e\u0300 conclusa con <em>Ritratto di donna araba che guarda il mare<\/em> (<em>Retrato de una mujer \u00e1rabe<\/em>) di <strong>Davide Carnevali<\/strong>, vincitore del 52\u00b0 Premio Riccione nel 2013.<br \/>Grazie a <em>Nueva Escena Italiana<\/em>, tre drammaturghi di grande valore hanno raggiunto una nuova dimensione internazionale. I loro testi \u2013 tradotti in una lingua parlata da quasi 500 milioni di persone \u2013 hanno mostrato al pubblico di una delle piu\u0300 importanti piazze europee la grande varieta\u0300 della nuova scena italiana. <em>Ritratto di donna araba che guarda il mare<\/em> racconta, in un\u2019ambientazione suggestiva e rarefatta, il contrastato rapporto tra le due sponde del Mediterraneo; <em>L\u2019orizzonte degli eventi<\/em> disegna una personalissima discesa agli inferi con distorsioni temporali degne della piu\u0300 raffinata letteratura fantascientifica; <em>Nel bosco<\/em> ripercorre con tono asciutto e antiretorico un noto scandalo di prostituzione minorile della Roma bene. Tre linguaggi e tre approcci alla scena distinti, che rappresentano alla perfezione la complessita\u0300 della drammaturgia contemporanea, sospesa tra sperimentazione e urgenza di raccontare.<br \/>Il progetto <em>Nueva Escena Italiana<\/em>, curato da Manuela Cherubini, si inserisce nella cornice piu\u0300 ampia di <em>Una mirada al mundo<\/em>, ciclo di spettacoli e letture sceniche con cui il Teatro Valle-Incla\u0301n si apre alle eccellenze teatrali di ogni parte del mondo.<\/p><p><a href=\"https:\/\/cdn.mcu.es\/espectaculo\/nueva-escena-italiana-tres-lecturas-premio-riccione-teatro\/\" target=\"_blank\" rel=\"noopener\">https:\/\/cdn.mcu.es\/espectaculo\/nueva-escena-italiana-tres-lecturas-premio-riccione-teatro\/<\/a><\/p>\t\t\t\t\t\t\t\t<\/div>\n\t\t\t\t<\/div>\n\t\t\t\t<div class=\"elementor-element elementor-element-a729c08 elementor-widget elementor-widget-gallery\" data-id=\"a729c08\" data-element_type=\"widget\" data-settings=\"{&quot;gallery_layout&quot;:&quot;justified&quot;,&quot;ideal_row_height&quot;:{&quot;unit&quot;:&quot;px&quot;,&quot;size&quot;:150,&quot;sizes&quot;:[]},&quot;lazyload&quot;:&quot;yes&quot;,&quot;ideal_row_height_widescreen&quot;:{&quot;unit&quot;:&quot;px&quot;,&quot;size&quot;:&quot;&quot;,&quot;sizes&quot;:[]},&quot;ideal_row_height_laptop&quot;:{&quot;unit&quot;:&quot;px&quot;,&quot;size&quot;:150,&quot;sizes&quot;:[]},&quot;ideal_row_height_tablet_extra&quot;:{&quot;unit&quot;:&quot;px&quot;,&quot;size&quot;:150,&quot;sizes&quot;:[]},&quot;ideal_row_height_tablet&quot;:{&quot;unit&quot;:&quot;px&quot;,&quot;size&quot;:150,&quot;sizes&quot;:[]},&quot;ideal_row_height_mobile&quot;:{&quot;unit&quot;:&quot;px&quot;,&quot;size&quot;:150,&quot;sizes&quot;:[]},&quot;gap&quot;:{&quot;unit&quot;:&quot;px&quot;,&quot;size&quot;:10,&quot;sizes&quot;:[]},&quot;gap_widescreen&quot;:{&quot;unit&quot;:&quot;px&quot;,&quot;size&quot;:&quot;&quot;,&quot;sizes&quot;:[]},&quot;gap_laptop&quot;:{&quot;unit&quot;:&quot;px&quot;,&quot;size&quot;:10,&quot;sizes&quot;:[]},&quot;gap_tablet_extra&quot;:{&quot;unit&quot;:&quot;px&quot;,&quot;size&quot;:10,&quot;sizes&quot;:[]},&quot;gap_tablet&quot;:{&quot;unit&quot;:&quot;px&quot;,&quot;size&quot;:10,&quot;sizes&quot;:[]},&quot;gap_mobile&quot;:{&quot;unit&quot;:&quot;px&quot;,&quot;size&quot;:10,&quot;sizes&quot;:[]},&quot;link_to&quot;:&quot;file&quot;,&quot;overlay_background&quot;:&quot;yes&quot;,&quot;content_hover_animation&quot;:&quot;fade-in&quot;}\" data-widget_type=\"gallery.default\">\n\t\t\t\t<div class=\"elementor-widget-container\">\n\t\t\t\t\t\t\t<div class=\"elementor-gallery__container\">\n\t\t\t\t\t\t\t<a class=\"e-gallery-item elementor-gallery-item elementor-animated-content\" href=\"https:\/\/riccioneteatro.loooldev.com\/wp-content\/uploads\/2025\/01\/Immagine-Mara-Cerri.jpg\" data-elementor-open-lightbox=\"yes\" data-elementor-lightbox-slideshow=\"a729c08\" data-e-action-hash=\"#elementor-action%3Aaction%3Dlightbox%26settings%3DeyJpZCI6MTQzOTEsInVybCI6Imh0dHBzOlwvXC9yaWNjaW9uZXRlYXRyby5sb29vbGRldi5jb21cL3dwLWNvbnRlbnRcL3VwbG9hZHNcLzIwMjVcLzAxXC9JbW1hZ2luZS1NYXJhLUNlcnJpLmpwZyIsInNsaWRlc2hvdyI6ImE3MjljMDgifQ%3D%3D\">\n\t\t\t\t\t<div class=\"e-gallery-image elementor-gallery-item__image\" data-thumbnail=\"https:\/\/riccioneteatro.loooldev.com\/wp-content\/uploads\/2025\/01\/Immagine-Mara-Cerri-768x768.jpg\" data-width=\"768\" data-height=\"768\" aria-label=\"\" role=\"img\" ><\/div>\n\t\t\t\t\t\t\t\t\t\t\t<div class=\"elementor-gallery-item__overlay\"><\/div>\n\t\t\t\t\t\t\t\t\t\t\t\t\t\t<\/a>\n\t\t\t\t\t<\/div>\n\t\t\t\t\t<\/div>\n\t\t\t\t<\/div>\n\t\t\t\t<\/div>\n\t\t\t\t\t<\/div>\n\t\t\t\t<\/div>\n\t\t<div class=\"elementor-element elementor-element-ff10812 e-flex e-con-boxed e-con e-parent\" data-id=\"ff10812\" data-element_type=\"container\" data-settings=\"{&quot;jet_parallax_layout_list&quot;:[]}\">\n\t\t\t\t\t<div class=\"e-con-inner\">\n\t\t<div class=\"elementor-element elementor-element-e549976 e-con-full e-flex e-con e-child\" data-id=\"e549976\" data-element_type=\"container\" data-settings=\"{&quot;jet_parallax_layout_list&quot;:[]}\">\n\t\t<div class=\"elementor-element elementor-element-ccb255a e-con-full e-flex elementor-invisible e-con e-child\" data-id=\"ccb255a\" data-element_type=\"container\" data-settings=\"{&quot;jet_parallax_layout_list&quot;:[],&quot;animation&quot;:&quot;fadeIn&quot;}\">\n\t\t\t\t<div class=\"elementor-element elementor-element-b1077d3 elementor-widget elementor-widget-heading\" data-id=\"b1077d3\" data-element_type=\"widget\" data-widget_type=\"heading.default\">\n\t\t\t\t<div class=\"elementor-widget-container\">\n\t\t\t\t\t<h2 class=\"elementor-heading-title elementor-size-default\">Nueva Escena Italiana, seconda edizione 2021\n<\/h2>\t\t\t\t<\/div>\n\t\t\t\t<\/div>\n\t\t\t\t<\/div>\n\t\t\t\t<div class=\"elementor-element elementor-element-225fc6b elementor-invisible elementor-widget elementor-widget-text-editor\" data-id=\"225fc6b\" data-element_type=\"widget\" data-settings=\"{&quot;_animation&quot;:&quot;fadeIn&quot;}\" data-widget_type=\"text-editor.default\">\n\t\t\t\t<div class=\"elementor-widget-container\">\n\t\t\t\t\t\t\t\t\t<p>A marzo 2020 era prevista la seconda edizione della rassegna \u2013 inserita tra le iniziative di <em>Una mirada al mundo<\/em>, ciclo di spettacoli del Centro Drama\u0301tico Nacional \u2013 con la lettura scenica di tre testi scoperti al Premio Riccione: <em>Ottantanove<\/em> di Elvira Frosini e Daniele Timpano (menzione speciale \u201cFranco Quadri\u201d 2019); <em>Notte bianca<\/em> di Tatjana Motta (Premio Riccione 2019); <em>Per il tuo bene<\/em> di Pier Lorenzo Pisano (Premio Riccione \u201cPier Vittorio Tondelli\u201d 2017). A causa della pandemia la rassegna, a cura di Manuela Cherubini, e\u0300 stata realizzata nel 2021 (11-13 maggio).<br \/>Si \u00e8 cominciato marted\u00ec 11 maggio con\u00a0<em>Ottantantanove<\/em>, testo di\u00a0<strong>Elvira Frosini<\/strong>\u00a0e\u00a0<strong>Daniele Timpano<\/strong>\u00a0che al 55\u00b0 Premio Riccione, nel 2019, si \u00e8 aggiudicato la menzione speciale \u201cFranco Quadri\u201d per la capacit\u00e0 di abbinare scrittura teatrale e ricerca letteraria. Si \u00e8 proseguito mercoled\u00ec 12 maggio con l\u2019opera che ha vinto quel Premio Riccione,\u00a0<em>Notte bianca<\/em>\u00a0di\u00a0<strong>Tatjana Motta<\/strong>, invitata a Madrid per dialogare con il pubblico al termine della lettura. L\u2019ultimo appuntamento, gioved\u00ec 13 maggio, \u00e8 stato infine dedicato a\u00a0<em>Per il tuo bene<\/em>, pi\u00e8ce con cui\u00a0<strong>Pier Lorenzo Pisano<\/strong>\u00a0nel 2017 ha conquistato il Premio Riccione \u201cPier Vittorio Tondelli\u201d, destinato al miglior testo di un autore under 30.<\/p><p>Sempre nel 2021 \u00e8 stata pubblicata, in traduzione spagnola, un\u2019antologia di testi teatrali premiati a Riccione: <em>Il guaritore<\/em> di Michele Santeramo (Premio Riccione 2011); <em>L\u2019orizzonte degli eventi<\/em> di Elisa Casseri (Premio Riccione 2015); <em>Nel bosco<\/em> di Carlotta Corradi (premio di produzione 2017); <em>Per il tuo bene<\/em> di Pier Lorenzo Pisano (Premio Riccione \u201cPier Vittorio Tondelli\u201d 2017); <em>Notte bianca<\/em> di Tatjana Motta (Premio Riccione 2019); <em>Ottantanove<\/em> di Elvira Frosini e Daniele Timpano (menzione speciale \u201cFranco Quadri\u201d 2019).<br \/><br \/><a href=\"https:\/\/dramatico.mcu.es\/evento\/nueva-escena-italiana\/\" target=\"_blank\" rel=\"noopener\">https:\/\/dramatico.mcu.es\/evento\/nueva-escena-italiana\/<\/a><\/p>\t\t\t\t\t\t\t\t<\/div>\n\t\t\t\t<\/div>\n\t\t\t\t<\/div>\n\t\t\t\t\t<\/div>\n\t\t\t\t<\/div>\n\t\t<div class=\"elementor-element elementor-element-7c4f475 e-flex e-con-boxed e-con e-parent\" data-id=\"7c4f475\" data-element_type=\"container\" data-settings=\"{&quot;jet_parallax_layout_list&quot;:[]}\">\n\t\t\t\t\t<div class=\"e-con-inner\">\n\t\t<div class=\"elementor-element elementor-element-3418473 e-con-full e-flex e-con e-child\" data-id=\"3418473\" data-element_type=\"container\" data-settings=\"{&quot;jet_parallax_layout_list&quot;:[]}\">\n\t\t<div class=\"elementor-element elementor-element-b163ebf e-con-full e-flex elementor-invisible e-con e-child\" data-id=\"b163ebf\" data-element_type=\"container\" data-settings=\"{&quot;jet_parallax_layout_list&quot;:[],&quot;animation&quot;:&quot;fadeIn&quot;}\">\n\t\t\t\t<div class=\"elementor-element elementor-element-3c845d7 elementor-widget elementor-widget-heading\" data-id=\"3c845d7\" data-element_type=\"widget\" data-widget_type=\"heading.default\">\n\t\t\t\t<div class=\"elementor-widget-container\">\n\t\t\t\t\t<h2 class=\"elementor-heading-title elementor-size-default\">Nueva Escena Italiana, terza edizione 2023<\/h2>\t\t\t\t<\/div>\n\t\t\t\t<\/div>\n\t\t\t\t<\/div>\n\t\t\t\t<div class=\"elementor-element elementor-element-85c1181 elementor-invisible elementor-widget elementor-widget-text-editor\" data-id=\"85c1181\" data-element_type=\"widget\" data-settings=\"{&quot;_animation&quot;:&quot;fadeIn&quot;}\" data-widget_type=\"text-editor.default\">\n\t\t\t\t<div class=\"elementor-widget-container\">\n\t\t\t\t\t\t\t\t\t<p>Dal 4 febbraio al 5 marzo 2023 si \u00e8 svolta la rassegna <strong><em>Lecturas Italianas: il teatro italiano approda a Madrid<\/em><\/strong>, quattro weekend dedicati alla drammaturgia italiana nel cuore di Madrid, una vetrina senza precedenti per la citt\u00e0 di Riccione, che ha potuto presentarsi come polo di innovazione culturale in una delle metropoli pi\u00f9 vive d\u2019Europa.<br \/>Organizzato dal prestigioso\u00a0Teatro Espa\u00f1ol,\u00a0in collaborazione con\u00a0Riccione Teatro e l\u2019Istituto Italiano di Cultura di Madrid,\u00a0il ciclo ha offerto al pubblico madrileno uno spaccato della drammaturgia italiana, sempre pi\u00f9 apprezzata all\u2019estero per la sua variet\u00e0 e per la ricchezza del suo immaginario.<br \/>Delle quattro opere selezionate, ben tre hanno vinto il\u00a0Premio Riccione, il pi\u00f9 importante concorso italiano per nuovi testi teatrali, e sono contenute in\u00a0<em>Nueva Escena Italiana<\/em>, antologia pubblicata nel 2021 da Ediciones Antigona che raccoglie sei testi vincitori del Premio Riccione, tradotti a cura dell\u2019Istituto Italiano di Cultura di Madrid.<br \/>Si \u00e8 cominciato nel weekend del 4-5 febbraio con l\u2019opera che ha vinto il concorso nel 2015,\u00a0<em>L\u2019orizzonte degli eventi<\/em>\u00a0di\u00a0<strong>Elisa Casseri\u00a0<\/strong>(<em>El horizonte de sucesos<\/em>, regia di Cynthia Miranda), mentre l\u201911 e il 12 febbraio \u00e8 stato letto il testo vincitore dell\u2019edizione 2011,\u00a0<em>Il guaritore<\/em>\u00a0di\u00a0<strong>Michele Santeramo<\/strong>\u00a0(<em>El curandero<\/em>, regia di Mar\u00eda Prado). Il 25 e il 26 febbraio \u00e8 stata la volta di\u00a0<em>Siede la terra<\/em>. <em>Fenomenologia della pettegola<\/em>\u00a0dei\u00a0<strong>Maniaci d\u2019Amore<\/strong>, duo formato da Luciana Maniaci e Francesco D\u2019Amore (<em>Se sienta la tierra<\/em>. <em>Fenomenolog\u00eda de la chismosa<\/em>, regia di Mar\u00eda Caudevilla). Gran chiusura sabato 4 e domenica 5 marzo con il Premio Riccione 2019,\u00a0<em>Notte bianca<\/em>\u00a0della giovane drammaturga veneziana\u00a0<strong>Tatjana Motta<\/strong>\u00a0(<em>Noche en blanco<\/em>, regia di Laura Ortega).<\/p><p><a href=\"https:\/\/www.teatroespanol.es\/ciclos\/lecturas-italianas\" target=\"_blank\" rel=\"noopener\">https:\/\/www.teatroespanol.es\/ciclos\/lecturas-italianas<\/a><\/p><p><a href=\"https:\/\/iicmadrid.esteri.it\/it\/gli_eventi\/calendario\/letture-italiane-drammatizzate\/\" target=\"_blank\" rel=\"noopener\">https:\/\/iicmadrid.esteri.it\/it\/gli_eventi\/calendario\/letture-italiane-drammatizzate\/<\/a><\/p>\t\t\t\t\t\t\t\t<\/div>\n\t\t\t\t<\/div>\n\t\t\t\t<\/div>\n\t\t\t\t\t<\/div>\n\t\t\t\t<\/div>\n\t\t<div class=\"elementor-element elementor-element-8b5c94f e-flex e-con-boxed e-con e-parent\" data-id=\"8b5c94f\" data-element_type=\"container\" data-settings=\"{&quot;jet_parallax_layout_list&quot;:[]}\">\n\t\t\t\t\t<div class=\"e-con-inner\">\n\t\t\t\t<div class=\"elementor-element elementor-element-34556cb elementor-widget elementor-widget-spacer\" data-id=\"34556cb\" data-element_type=\"widget\" data-widget_type=\"spacer.default\">\n\t\t\t\t<div class=\"elementor-widget-container\">\n\t\t\t\t\t\t\t<div class=\"elementor-spacer\">\n\t\t\t<div class=\"elementor-spacer-inner\"><\/div>\n\t\t<\/div>\n\t\t\t\t\t\t<\/div>\n\t\t\t\t<\/div>\n\t\t\t\t\t<\/div>\n\t\t\t\t<\/div>\n\t\t\t\t<\/div>\n\t\t","protected":false},"excerpt":{"rendered":"<p>Nueva Escena Italiana \/ Lecturas Italianas Dal 2019 l\u2019Istituto italiano di cultura di Madrid e Riccione Teatro lavorano in tandem per creare un ponte stabile tra Italia e Spagna. In questo progetto che agevola l\u2019esportazione e l\u2019importazione di lavori drammaturgici, partner fondamentale e\u0300 il Centro Drama\u0301tico Nacional, unita\u0300 di produzione teatrale dell\u2019Instituto Nacional de las [&hellip;]<\/p>\n","protected":false},"author":1,"featured_media":14089,"parent":9472,"menu_order":0,"comment_status":"closed","ping_status":"closed","template":"","meta":{"footnotes":""},"taxonomia-contenuto":[],"class_list":["post-14386","page","type-page","status-publish","has-post-thumbnail","hentry"],"_links":{"self":[{"href":"https:\/\/riccioneteatro.loooldev.com\/en\/wp-json\/wp\/v2\/pages\/14386","targetHints":{"allow":["GET"]}}],"collection":[{"href":"https:\/\/riccioneteatro.loooldev.com\/en\/wp-json\/wp\/v2\/pages"}],"about":[{"href":"https:\/\/riccioneteatro.loooldev.com\/en\/wp-json\/wp\/v2\/types\/page"}],"author":[{"embeddable":true,"href":"https:\/\/riccioneteatro.loooldev.com\/en\/wp-json\/wp\/v2\/users\/1"}],"replies":[{"embeddable":true,"href":"https:\/\/riccioneteatro.loooldev.com\/en\/wp-json\/wp\/v2\/comments?post=14386"}],"version-history":[{"count":19,"href":"https:\/\/riccioneteatro.loooldev.com\/en\/wp-json\/wp\/v2\/pages\/14386\/revisions"}],"predecessor-version":[{"id":18476,"href":"https:\/\/riccioneteatro.loooldev.com\/en\/wp-json\/wp\/v2\/pages\/14386\/revisions\/18476"}],"up":[{"embeddable":true,"href":"https:\/\/riccioneteatro.loooldev.com\/en\/wp-json\/wp\/v2\/pages\/9472"}],"wp:featuredmedia":[{"embeddable":true,"href":"https:\/\/riccioneteatro.loooldev.com\/en\/wp-json\/wp\/v2\/media\/14089"}],"wp:attachment":[{"href":"https:\/\/riccioneteatro.loooldev.com\/en\/wp-json\/wp\/v2\/media?parent=14386"}],"wp:term":[{"taxonomy":"taxonomia-contenuto","embeddable":true,"href":"https:\/\/riccioneteatro.loooldev.com\/en\/wp-json\/wp\/v2\/taxonomia-contenuto?post=14386"}],"curies":[{"name":"wp","href":"https:\/\/api.w.org\/{rel}","templated":true}]}}